{"id":350,"date":"2018-01-12T18:01:20","date_gmt":"2018-01-12T18:01:20","guid":{"rendered":"http:\/\/products.kruger.com\/products\/"},"modified":"2024-01-25T18:57:37","modified_gmt":"2024-01-25T18:57:37","slug":"produits","status":"publish","type":"page","link":"https:\/\/products.kruger.com\/fr\/produits\/","title":{"rendered":"Produits"},"content":{"rendered":"<div class=\"wpb-content-wrapper\"><p>[vc_section full_width=\u00a0\u00bbstretch_row\u00a0\u00bb][vc_row][vc_column offset=\u00a0\u00bbvc_col-md-offset-2 vc_col-md-8&Prime; el_class=\u00a0\u00bbintro-bordered-box\u00a0\u00bb][vc_custom_heading text=\u00a0\u00bbProduits\u00a0\u00bb font_container=\u00a0\u00bbtag:h1|text_align:center\u00a0\u00bb use_theme_fonts=\u00a0\u00bbyes\u00a0\u00bb][vc_separator color=\u00a0\u00bbcustom\u00a0\u00bb border_width=\u00a0\u00bb2&Prime; accent_color=\u00a0\u00bb#16c48c\u00a0\u00bb][vc_custom_heading text=\u00a0\u00bbProduits Kruger est le chef de file au pays dans la fabrication de produits de papier de qualit\u00e9 \u00e0 usage domestique, industriel et commercial. Nous sommes fiers d\u2019offrir les marques de produits de papier pr\u00e9f\u00e9r\u00e9es des Canadiens pour chaque pi\u00e8ce de votre maison.\u00a0\u00bb font_container=\u00a0\u00bbtag:p|text_align:center\u00a0\u00bb use_theme_fonts=\u00a0\u00bbyes\u00a0\u00bb el_class=\u00a0\u00bbborderLeadText\u00a0\u00bb][vc_separator color=\u00a0\u00bbcustom\u00a0\u00bb border_width=\u00a0\u00bb2&Prime; accent_color=\u00a0\u00bb#16c48c\u00a0\u00bb][\/vc_column][\/vc_row][vc_row][vc_column]        <div class=\"products \">\n                        <div class=\"products-container\" data-number-posts=\"-1\">\n                                <div class=\"products-list row\">\n                                                <div class=\"product col-md-6 col-lg-4\">\n                                <div class=\"product-content matchHeight\" data-mh=\"products-match\">\n                                                                                                                <img decoding=\"async\" class=\"img-fluid\" src=\"https:\/\/products.kruger.com\/wp-content\/uploads\/sites\/3\/2022\/09\/bonterra-family-700x470.png\"\/>\n                                        \n                                    <div class=\"product-info\">\n                                        <h3 class=\"col-12\">Gamme de produits Bonterra\u2122<\/h3>\n                                                                                                                                                                                                                        <div class=\"product-links\">\n                                                                                                                                                                <a class=\"col-12 product-website\" href=\"https:\/\/livebonterra.com\/fr\" target=\"_blank\"><span class=\"icon-external-link\"><\/span>Site web externe<\/a>\n                                                                                                                                                                <a class=\"col-12 product-website\" href=\"https:\/\/www.facebook.com\/livebonterra\" target=\"_blank\"><span class=\"fa fa-facebook\"><\/span>Voir plus<\/a>\n                                                                                                                                                        <\/div>\n                                                                                                                        <\/div>\n                                <\/div>\n                            <\/div>\n                                                    <div class=\"product col-md-6 col-lg-4\">\n                                <div class=\"product-content matchHeight\" data-mh=\"products-match\">\n                                                                                                                <img decoding=\"async\" class=\"img-fluid\" src=\"https:\/\/products.kruger.com\/wp-content\/uploads\/sites\/3\/2018\/01\/8_3_kruger-products_cashmere-cropped.jpg\"\/>\n                                        \n                                    <div class=\"product-info\">\n                                        <h3 class=\"col-12\">Papier hygi\u00e9nique Cashmere\u00ae<\/h3>\n                                                                                                                                                                                                                        <div class=\"product-links\">\n                                                                                                                                                                <a class=\"col-12 product-website\" href=\"https:\/\/cashmere.ca\/fr\/\" target=\"_blank\"><span class=\"icon-external-link\"><\/span>Site web externe<\/a>\n                                                                                                                                                                <a class=\"col-12 product-website\" href=\"https:\/\/www.facebook.com\/Cashmere\/\" target=\"_blank\"><span class=\"fa fa-facebook\"><\/span>Voir plus<\/a>\n                                                                                                                                                        <\/div>\n                                                                                                                        <\/div>\n                                <\/div>\n                            <\/div>\n                                                    <div class=\"product col-md-6 col-lg-4\">\n                                <div class=\"product-content matchHeight\" data-mh=\"products-match\">\n                                                                                                                <img decoding=\"async\" class=\"img-fluid\" src=\"https:\/\/products.kruger.com\/wp-content\/uploads\/sites\/3\/2018\/01\/8_3_kruger-products_purex-cropped.jpg\"\/>\n                                        \n                                    <div class=\"product-info\">\n                                        <h3 class=\"col-12\">Papier hygi\u00e9nique Purex\u00ae<\/h3>\n                                                                                                                                                                                                                        <div class=\"product-links\">\n                                                                                                                                                                <a class=\"col-12 product-website\" href=\"http:\/\/purex.ca\/fr\" target=\"_blank\"><span class=\"icon-external-link\"><\/span>Site web externe<\/a>\n                                                                                                                                                                <a class=\"col-12 product-website\" href=\"https:\/\/www.facebook.com\/purexbathroomtissue\/\" target=\"_blank\"><span class=\"fa fa-facebook\"><\/span>Voir plus<\/a>\n                                                                                                                                                        <\/div>\n                                                                                                                        <\/div>\n                                <\/div>\n                            <\/div>\n                                                    <div class=\"product col-md-6 col-lg-4\">\n                                <div class=\"product-content matchHeight\" data-mh=\"products-match\">\n                                                                                                                <img decoding=\"async\" class=\"img-fluid\" src=\"https:\/\/products.kruger.com\/wp-content\/uploads\/sites\/3\/2018\/01\/large-scotties-supreme-88-pink-peony-700x470.jpg\"\/>\n                                        \n                                    <div class=\"product-info\">\n                                        <h3 class=\"col-12\">Papiers-mouchoirs Scotties\u00ae&rsquo;<\/h3>\n                                                                                                                                                                                                                        <div class=\"product-links\">\n                                                                                                                                                                <a class=\"col-12 product-website\" href=\"http:\/\/www.scotties.ca\/fr\/\" target=\"_blank\"><span class=\"icon-external-link\"><\/span>Site web externe<\/a>\n                                                                                                                                                                <a class=\"col-12 product-website\" href=\"https:\/\/www.facebook.com\/ScottiesTissue\/\" target=\"_blank\"><span class=\"fa fa-facebook\"><\/span>Voir plus<\/a>\n                                                                                                                                                        <\/div>\n                                                                                                                        <\/div>\n                                <\/div>\n                            <\/div>\n                                                    <div class=\"product col-md-6 col-lg-4\">\n                                <div class=\"product-content matchHeight\" data-mh=\"products-match\">\n                                                                                                                <img decoding=\"async\" class=\"img-fluid\" src=\"https:\/\/products.kruger.com\/wp-content\/uploads\/sites\/3\/2018\/01\/large-st-ultra-6-roll-package-w-o-mic-clean-render-700x470.jpg\"\/>\n                                        \n                                    <div class=\"product-info\">\n                                        <h3 class=\"col-12\">Essuie-tout SpongeTowels\u00ae<\/h3>\n                                                                                                                                                                                                                        <div class=\"product-links\">\n                                                                                                                                                                <a class=\"col-12 product-website\" href=\"http:\/\/www.spongetowels.ca\/index-fr.php\" target=\"_blank\"><span class=\"icon-external-link\"><\/span>Site web externe<\/a>\n                                                                                                                                                                <a class=\"col-12 product-website\" href=\"https:\/\/www.facebook.com\/SpongeTowels\/\" target=\"_blank\"><span class=\"fa fa-facebook\"><\/span>Voir plus<\/a>\n                                                                                                                                                        <\/div>\n                                                                                                                        <\/div>\n                                <\/div>\n                            <\/div>\n                                                    <div class=\"product col-md-6 col-lg-4\">\n                                <div class=\"product-content matchHeight\" data-mh=\"products-match\">\n                                                                                                                <img decoding=\"async\" class=\"img-fluid\" src=\"https:\/\/products.kruger.com\/wp-content\/uploads\/sites\/3\/2022\/09\/sans-titre-700x470.png\"\/>\n                                        \n                                    <div class=\"product-info\">\n                                        <h3 class=\"col-12\">Gamme de produits White Cloud\u00ae<\/h3>\n                                                                                                                                                                                                                        <div class=\"product-links\">\n                                                                                                                                                                <a class=\"col-12 product-website\" href=\"http:\/\/mywhitecloud.com\/en\/\" target=\"_blank\"><span class=\"icon-external-link\"><\/span>Site web externe<\/a>\n                                                                                                                                                                <a class=\"col-12 product-website\" href=\"https:\/\/www.facebook.com\/mywhitecloud\/\" target=\"_blank\"><span class=\"fa fa-facebook\"><\/span>Voir plus<\/a>\n                                                                                                                                                        <\/div>\n                                                                                                                        <\/div>\n                                <\/div>\n                            <\/div>\n                                                    <div class=\"product col-md-6 col-lg-4\">\n                                <div class=\"product-content matchHeight\" data-mh=\"products-match\">\n                                                                                                                <img decoding=\"async\" class=\"img-fluid\" src=\"https:\/\/products.kruger.com\/wp-content\/uploads\/sites\/3\/2018\/01\/8_3_kruger-products_away-from-home-tissue-products-cropped.jpg\"\/>\n                                        \n                                    <div class=\"product-info\">\n                                        <h3 class=\"col-12\">Produits hors foyer<\/h3>\n                                                                                                                                                                                                                        <div class=\"product-links\">\n                                                                                                                                                                <a class=\"col-12 product-website\" href=\"https:\/\/krugerpro.com\/?lang=fr-CA\" target=\"_blank\"><span class=\"icon-external-link\"><\/span>Site web externe<\/a>\n                                                                                                                                                                                                            <\/div>\n                                                                                                                        <\/div>\n                                <\/div>\n                            <\/div>\n                                        <\/div>\n                            <\/div>\n        <\/div>\n        [\/vc_column][\/vc_row][\/vc_section][vc_row][vc_column][vc_column_text]<strong><span style=\"font-size: 10pt;\">AVIS SUR LES MARQUES DE COMMERCE<\/span><\/strong><br \/>\n<span style=\"font-size: 10pt;\">Les marques de commerce de produits de papier \u00e0 usages domestiques apparaissant dans ce site web sont la propri\u00e9t\u00e9 exclusive de Produits Kruger inc. lorsqu\u2019elles arborent le symbole MC ou <sup>\u00ae<\/sup>; ou la propri\u00e9t\u00e9 de Kimberly-Clark Inc. utilis\u00e9es sous licence lorsqu\u2019elles portent la mention <sup>\u00ae<\/sup>&lsquo;.<\/span><\/p>\n<p><strong><span style=\"font-size: 10pt;\">UTILISATION DE LA MARQUE FSC<sup>\u00ae<\/sup><\/span><\/strong><br \/>\n<span style=\"font-size: 10pt;\">Forest Stewardship Council<sup>\u00ae<\/sup>, FSC<sup>\u00ae<\/sup> et logo FSC<sup>\u00ae<\/sup> &#8211; Forest Stewardship Council, A.C.<\/span>[\/vc_column_text][\/vc_column][\/vc_row]<\/p>\n<\/div>","protected":false},"excerpt":{"rendered":"<p>[vc_section full_width=\u00a0\u00bbstretch_row\u00a0\u00bb][vc_row][vc_column offset=\u00a0\u00bbvc_col-md-offset-2 vc_col-md-8&Prime; el_class=\u00a0\u00bbintro-bordered-box\u00a0\u00bb][vc_custom_heading text=\u00a0\u00bbProduits\u00a0\u00bb font_container=\u00a0\u00bbtag:h1|text_align:center\u00a0\u00bb use_theme_fonts=\u00a0\u00bbyes\u00a0\u00bb][vc_separator color=\u00a0\u00bbcustom\u00a0\u00bb border_width=\u00a0\u00bb2&Prime; accent_color=\u00a0\u00bb#16c48c\u00a0\u00bb][vc_custom_heading text=\u00a0\u00bbProduits Kruger est le chef de file au pays dans la fabrication de produits de papier de qualit\u00e9 \u00e0 usage domestique, industriel et commercial. Nous sommes fiers d\u2019offrir les marques de produits de papier pr\u00e9f\u00e9r\u00e9es des Canadiens pour chaque pi\u00e8ce de votre maison.\u00a0\u00bb font_container=\u00a0\u00bbtag:p|text_align:center\u00a0\u00bb [&hellip;]<\/p>\n","protected":false},"author":1,"featured_media":461,"parent":0,"menu_order":18,"comment_status":"closed","ping_status":"closed","template":"","meta":{"_acf_changed":false,"footnotes":""},"class_list":["post-350","page","type-page","status-publish","has-post-thumbnail","hentry"],"acf":[],"yoast_head":"<!-- This site is optimized with the Yoast SEO plugin v27.0 - https:\/\/yoast.com\/product\/yoast-seo-wordpress\/ -->\n<title>Produits -Papiers domestiques et institutionnels-Kruger Inc.<\/title>\n<meta name=\"description\" content=\"Nous sommes fiers d\u2019offrir les marques de produits de papier pr\u00e9f\u00e9r\u00e9es des Canadiens pour chaque pi\u00e8ce de votre maison. (re)D\u00e9couvrez nos produits.\" \/>\n<meta name=\"robots\" content=\"index, follow, max-snippet:-1, max-image-preview:large, max-video-preview:-1\" \/>\n<link rel=\"canonical\" href=\"https:\/\/products.kruger.com\/fr\/produits\/\" \/>\n<meta property=\"og:locale\" content=\"fr_FR\" \/>\n<meta property=\"og:type\" content=\"article\" \/>\n<meta property=\"og:title\" content=\"Produits -Papiers domestiques et institutionnels-Kruger Inc.\" \/>\n<meta property=\"og:description\" content=\"Nous sommes fiers d\u2019offrir les marques de produits de papier pr\u00e9f\u00e9r\u00e9es des Canadiens pour chaque pi\u00e8ce de votre maison. (re)D\u00e9couvrez nos produits.\" \/>\n<meta property=\"og:url\" content=\"https:\/\/products.kruger.com\/fr\/produits\/\" \/>\n<meta property=\"og:site_name\" content=\"Papiers domestiques et institutionnels\" \/>\n<meta property=\"article:modified_time\" content=\"2024-01-25T18:57:37+00:00\" \/>\n<meta property=\"og:image\" content=\"https:\/\/products.kruger.com\/wp-content\/uploads\/sites\/3\/2018\/02\/dsc6769-1024x683.jpg\" \/>\n\t<meta property=\"og:image:width\" content=\"1024\" \/>\n\t<meta property=\"og:image:height\" content=\"683\" \/>\n\t<meta property=\"og:image:type\" content=\"image\/jpeg\" \/>\n<meta name=\"twitter:card\" content=\"summary_large_image\" \/>\n<meta name=\"twitter:label1\" content=\"Dur\u00e9e de lecture estim\u00e9e\" \/>\n\t<meta name=\"twitter:data1\" content=\"1 minute\" \/>\n<script type=\"application\/ld+json\" class=\"yoast-schema-graph\">{\"@context\":\"https:\/\/schema.org\",\"@graph\":[{\"@type\":\"WebPage\",\"@id\":\"https:\/\/products.kruger.com\/fr\/produits\/\",\"url\":\"https:\/\/products.kruger.com\/fr\/produits\/\",\"name\":\"Produits -Papiers domestiques et institutionnels-Kruger Inc.\",\"isPartOf\":{\"@id\":\"https:\/\/products.kruger.com\/fr\/#website\"},\"primaryImageOfPage\":{\"@id\":\"https:\/\/products.kruger.com\/fr\/produits\/#primaryimage\"},\"image\":{\"@id\":\"https:\/\/products.kruger.com\/fr\/produits\/#primaryimage\"},\"thumbnailUrl\":\"https:\/\/products.kruger.com\/wp-content\/uploads\/sites\/3\/2018\/02\/dsc6769.jpg\",\"datePublished\":\"2018-01-12T18:01:20+00:00\",\"dateModified\":\"2024-01-25T18:57:37+00:00\",\"description\":\"Nous sommes fiers d\u2019offrir les marques de produits de papier pr\u00e9f\u00e9r\u00e9es des Canadiens pour chaque pi\u00e8ce de votre maison. (re)D\u00e9couvrez nos produits.\",\"breadcrumb\":{\"@id\":\"https:\/\/products.kruger.com\/fr\/produits\/#breadcrumb\"},\"inLanguage\":\"fr-FR\",\"potentialAction\":[{\"@type\":\"ReadAction\",\"target\":[\"https:\/\/products.kruger.com\/fr\/produits\/\"]}]},{\"@type\":\"ImageObject\",\"inLanguage\":\"fr-FR\",\"@id\":\"https:\/\/products.kruger.com\/fr\/produits\/#primaryimage\",\"url\":\"https:\/\/products.kruger.com\/wp-content\/uploads\/sites\/3\/2018\/02\/dsc6769.jpg\",\"contentUrl\":\"https:\/\/products.kruger.com\/wp-content\/uploads\/sites\/3\/2018\/02\/dsc6769.jpg\",\"width\":4200,\"height\":2800},{\"@type\":\"BreadcrumbList\",\"@id\":\"https:\/\/products.kruger.com\/fr\/produits\/#breadcrumb\",\"itemListElement\":[{\"@type\":\"ListItem\",\"position\":1,\"name\":\"Home\",\"item\":\"https:\/\/products.kruger.com\/fr\/\"},{\"@type\":\"ListItem\",\"position\":2,\"name\":\"Produits\"}]},{\"@type\":\"WebSite\",\"@id\":\"https:\/\/products.kruger.com\/fr\/#website\",\"url\":\"https:\/\/products.kruger.com\/fr\/\",\"name\":\"Papiers domestiques et institutionnels\",\"description\":\"Just another Kruger Sites site\",\"potentialAction\":[{\"@type\":\"SearchAction\",\"target\":{\"@type\":\"EntryPoint\",\"urlTemplate\":\"https:\/\/products.kruger.com\/fr\/?s={search_term_string}\"},\"query-input\":{\"@type\":\"PropertyValueSpecification\",\"valueRequired\":true,\"valueName\":\"search_term_string\"}}],\"inLanguage\":\"fr-FR\"}]}<\/script>\n<!-- \/ Yoast SEO plugin. -->","yoast_head_json":{"title":"Produits -Papiers domestiques et institutionnels-Kruger Inc.","description":"Nous sommes fiers d\u2019offrir les marques de produits de papier pr\u00e9f\u00e9r\u00e9es des Canadiens pour chaque pi\u00e8ce de votre maison. (re)D\u00e9couvrez nos produits.","robots":{"index":"index","follow":"follow","max-snippet":"max-snippet:-1","max-image-preview":"max-image-preview:large","max-video-preview":"max-video-preview:-1"},"canonical":"https:\/\/products.kruger.com\/fr\/produits\/","og_locale":"fr_FR","og_type":"article","og_title":"Produits -Papiers domestiques et institutionnels-Kruger Inc.","og_description":"Nous sommes fiers d\u2019offrir les marques de produits de papier pr\u00e9f\u00e9r\u00e9es des Canadiens pour chaque pi\u00e8ce de votre maison. (re)D\u00e9couvrez nos produits.","og_url":"https:\/\/products.kruger.com\/fr\/produits\/","og_site_name":"Papiers domestiques et institutionnels","article_modified_time":"2024-01-25T18:57:37+00:00","og_image":[{"width":1024,"height":683,"url":"https:\/\/products.kruger.com\/wp-content\/uploads\/sites\/3\/2018\/02\/dsc6769-1024x683.jpg","type":"image\/jpeg"}],"twitter_card":"summary_large_image","twitter_misc":{"Dur\u00e9e de lecture estim\u00e9e":"1 minute"},"schema":{"@context":"https:\/\/schema.org","@graph":[{"@type":"WebPage","@id":"https:\/\/products.kruger.com\/fr\/produits\/","url":"https:\/\/products.kruger.com\/fr\/produits\/","name":"Produits -Papiers domestiques et institutionnels-Kruger Inc.","isPartOf":{"@id":"https:\/\/products.kruger.com\/fr\/#website"},"primaryImageOfPage":{"@id":"https:\/\/products.kruger.com\/fr\/produits\/#primaryimage"},"image":{"@id":"https:\/\/products.kruger.com\/fr\/produits\/#primaryimage"},"thumbnailUrl":"https:\/\/products.kruger.com\/wp-content\/uploads\/sites\/3\/2018\/02\/dsc6769.jpg","datePublished":"2018-01-12T18:01:20+00:00","dateModified":"2024-01-25T18:57:37+00:00","description":"Nous sommes fiers d\u2019offrir les marques de produits de papier pr\u00e9f\u00e9r\u00e9es des Canadiens pour chaque pi\u00e8ce de votre maison. (re)D\u00e9couvrez nos produits.","breadcrumb":{"@id":"https:\/\/products.kruger.com\/fr\/produits\/#breadcrumb"},"inLanguage":"fr-FR","potentialAction":[{"@type":"ReadAction","target":["https:\/\/products.kruger.com\/fr\/produits\/"]}]},{"@type":"ImageObject","inLanguage":"fr-FR","@id":"https:\/\/products.kruger.com\/fr\/produits\/#primaryimage","url":"https:\/\/products.kruger.com\/wp-content\/uploads\/sites\/3\/2018\/02\/dsc6769.jpg","contentUrl":"https:\/\/products.kruger.com\/wp-content\/uploads\/sites\/3\/2018\/02\/dsc6769.jpg","width":4200,"height":2800},{"@type":"BreadcrumbList","@id":"https:\/\/products.kruger.com\/fr\/produits\/#breadcrumb","itemListElement":[{"@type":"ListItem","position":1,"name":"Home","item":"https:\/\/products.kruger.com\/fr\/"},{"@type":"ListItem","position":2,"name":"Produits"}]},{"@type":"WebSite","@id":"https:\/\/products.kruger.com\/fr\/#website","url":"https:\/\/products.kruger.com\/fr\/","name":"Papiers domestiques et institutionnels","description":"Just another Kruger Sites site","potentialAction":[{"@type":"SearchAction","target":{"@type":"EntryPoint","urlTemplate":"https:\/\/products.kruger.com\/fr\/?s={search_term_string}"},"query-input":{"@type":"PropertyValueSpecification","valueRequired":true,"valueName":"search_term_string"}}],"inLanguage":"fr-FR"}]}},"_links":{"self":[{"href":"https:\/\/products.kruger.com\/fr\/wp-json\/wp\/v2\/pages\/350","targetHints":{"allow":["GET"]}}],"collection":[{"href":"https:\/\/products.kruger.com\/fr\/wp-json\/wp\/v2\/pages"}],"about":[{"href":"https:\/\/products.kruger.com\/fr\/wp-json\/wp\/v2\/types\/page"}],"author":[{"embeddable":true,"href":"https:\/\/products.kruger.com\/fr\/wp-json\/wp\/v2\/users\/1"}],"replies":[{"embeddable":true,"href":"https:\/\/products.kruger.com\/fr\/wp-json\/wp\/v2\/comments?post=350"}],"version-history":[{"count":6,"href":"https:\/\/products.kruger.com\/fr\/wp-json\/wp\/v2\/pages\/350\/revisions"}],"predecessor-version":[{"id":792,"href":"https:\/\/products.kruger.com\/fr\/wp-json\/wp\/v2\/pages\/350\/revisions\/792"}],"wp:featuredmedia":[{"embeddable":true,"href":"https:\/\/products.kruger.com\/fr\/wp-json\/wp\/v2\/media\/461"}],"wp:attachment":[{"href":"https:\/\/products.kruger.com\/fr\/wp-json\/wp\/v2\/media?parent=350"}],"curies":[{"name":"wp","href":"https:\/\/api.w.org\/{rel}","templated":true}]}}